{"id":126,"date":"2010-08-06T06:35:56","date_gmt":"2010-08-06T06:35:56","guid":{"rendered":"http:\/\/alegeliber.md\/?page_id=126"},"modified":"2023-09-07T15:49:38","modified_gmt":"2023-09-07T12:49:38","slug":"aderare","status":"publish","type":"page","link":"https:\/\/alegeliber.md\/en\/membrii\/aderare","title":{"rendered":"Become a member"},"content":{"rendered":"<p><\/p>\n<div>\n<p>Orice organiza\u021bie ob\u0219teasc\u0103 din Republica Moldova poate deveni membru al Coali\u021biei dac\u0103 \u00eentrune\u0219te cumulativ urm\u0103toarele cerin\u021be:<\/p>\n<ul>\n<li>\u00een documentele statutare ale organiza\u021biei sunt prev\u0103zute activit\u0103\u021bi \u00een domeniile electoral \u0219i\/sau conexe;<\/li>\n<li>are experien\u021b\u0103 demonstrat\u0103 \u00een domeniile acoperite de grupurile de lucru ale Coali\u021biei (monitorizarea proceselor electorale; monitorizarea comportamentului mass media; educa\u021bie civic\u0103 \u0219i electoral\u0103; promovarea alegerilor incluzive);<\/li>\n<li>a semnat Carta pentru Alegeri Libere \u0219i Corecte;<\/li>\n<li>se oblig\u0103 s\u0103 respecte Regulamentul Coali\u021biei;<\/li>\n<\/ul>\n<p>Aderarea la Coali\u021bie se realizeaz\u0103 prin depunerea unui dosar care va con\u021bine urm\u0103toarele documente:<\/p>\n<ul>\n<li>cererea de aderare semnat\u0103 \u0219i \u0219tampilat\u0103 de c\u0103tre organul de conducere al asocia\u021biei ob\u0219te\u0219ti cu declararea asum\u0103rii calit\u0103\u0163ii de membru al Coali\u0163iei;<\/li>\n<li>statutul organiza\u021biei;<\/li>\n<li>CV-ul organiza\u021biei \u00een care este prezentat\u0103 experien\u021ba \u00een cel pu\u021bin unul dintre domeniile urm\u0103toare:\u00a0 monitorizarea Proceselor Electorale; Monitorizarea Comportamentului Mass-media \u00een cadrul proceselor electorale; Educa\u021bie Civic\u0103 \u0219i Electoral\u0103; promovarea alegerilor incluzive.<\/li>\n<li>2 recomand\u0103ri din partea altor membri ai Coali\u0163iei (\u00een cererea de aderare se va indica doar numele organiza\u0163iilor respective).<\/li>\n<\/ul>\n<p>Dosarul de aderare va fi depus la Secretariatul Coali\u021biei Civice pentru Alegeri Libere \u0219i Corecte prin e-mail, sau po\u0219t\u0103.<\/p>\n<p><strong>Datele de contact ale Secretariatului: <\/strong><\/p>\n<p>Asocia\u021bia pentru Democra\u021bie Participativ\u0103 ADEPT<\/p>\n<p>Chi\u0219in\u0103u, MD-2012, str. V. Alecsandri 97<\/p>\n<p>Tel.\/Fax: (373 22) 21-29-92<\/p>\n<p>e-mail: adept@e-democracy.md<\/p>\n<p>&nbsp;<\/p>\n<\/div>\n<p><\/p>","protected":false},"excerpt":{"rendered":"<p>Orice organiza\u021bie ob\u0219teasc\u0103 din Republica Moldova poate deveni membru al Coali\u021biei dac\u0103 \u00eentrune\u0219te cumulativ urm\u0103toarele cerin\u021be: \u00een documentele statutare ale organiza\u021biei sunt prev\u0103zute activit\u0103\u021bi \u00een domeniile electoral \u0219i\/sau conexe; are experien\u021b\u0103 demonstrat\u0103 \u00een domeniile acoperite de grupurile de lucru ale Coali\u021biei (monitorizarea proceselor electorale; monitorizarea comportamentului mass media; educa\u021bie civic\u0103 \u0219i electoral\u0103; promovarea alegerilor incluzive); [&hellip;]<\/p>\n","protected":false},"author":8,"featured_media":0,"parent":116,"menu_order":0,"comment_status":"closed","ping_status":"closed","template":"","meta":[],"_links":{"self":[{"href":"https:\/\/alegeliber.md\/en\/wp-json\/wp\/v2\/pages\/126"}],"collection":[{"href":"https:\/\/alegeliber.md\/en\/wp-json\/wp\/v2\/pages"}],"about":[{"href":"https:\/\/alegeliber.md\/en\/wp-json\/wp\/v2\/types\/page"}],"author":[{"embeddable":true,"href":"https:\/\/alegeliber.md\/en\/wp-json\/wp\/v2\/users\/8"}],"replies":[{"embeddable":true,"href":"https:\/\/alegeliber.md\/en\/wp-json\/wp\/v2\/comments?post=126"}],"version-history":[{"count":2,"href":"https:\/\/alegeliber.md\/en\/wp-json\/wp\/v2\/pages\/126\/revisions"}],"predecessor-version":[{"id":3929,"href":"https:\/\/alegeliber.md\/en\/wp-json\/wp\/v2\/pages\/126\/revisions\/3929"}],"up":[{"embeddable":true,"href":"https:\/\/alegeliber.md\/en\/wp-json\/wp\/v2\/pages\/116"}],"wp:attachment":[{"href":"https:\/\/alegeliber.md\/en\/wp-json\/wp\/v2\/media?parent=126"}],"curies":[{"name":"wp","href":"https:\/\/api.w.org\/{rel}","templated":true}]}}