{"id":95,"date":"2010-08-04T08:57:46","date_gmt":"2010-08-04T08:57:46","guid":{"rendered":"http:\/\/alegeliber.md\/?page_id=95"},"modified":"2018-05-08T09:47:43","modified_gmt":"2018-05-08T06:47:43","slug":"consililul-coalitiei","status":"publish","type":"page","link":"https:\/\/alegeliber.md\/ru\/membrii\/consililul-coalitiei","title":{"rendered":"(Rom\u00e2n\u0103) Consililul Coali\u0163iei"},"content":{"rendered":"<p class=\"qtranxs-available-languages-message qtranxs-available-languages-message-ru\">\u041d\u0435 \u043d\u0430\u0439\u0434\u0435\u043d\u043d\u043e For the sake of viewer convenience, the content is shown below in this site default language. You may click one of the links to switch the site language to another available language.<\/p><p><\/p>\n<div>\n<p>Consiliul Coali\u021biei Civice pentru Alegeri Libere \u0219i Corecte este compus din 8 organiza\u021bii neguvernamentale na\u021bionale, dup\u0103 cum urmeaz\u0103:<\/p>\n<p><strong>Asocia\u0163ia pentru Democra\u0163ie Participativ\u0103 (ADEPT)<\/strong> este un centru independent, de analiz\u0103 \u0219i consultan\u021b\u0103 privind procesul decizional, politic, electoral \u0219i social-economic din Republica Moldova \u0219i din regiune. Misiunea ADEPT const\u0103 \u00een promovarea valorilor democratice \u0219i sprijinirea particip\u0103rii active a cet\u0103\u021benilor la via\u021ba public\u0103. Organiza\u021bia are drept obiective strategice: contribuirea la realizarea eficient\u0103 a strategiilor guvernamentale, orientate spre dezvoltarea social-economic\u0103 \u0219i democratizarea Republicii Moldova; promovarea \u0219i consolidarea institu\u021biilor \u0219i procedurilor democratice; \u00eencurajarea \u0219i facilitarea particip\u0103rii cet\u0103\u021benilor la procesul decizional.<\/p>\n<p>Pentru mai multe informa\u021bii accesa\u021bi: <a href=\"http:\/\/www.e-democracy.md\/\" target=\"_blank\" rel=\"noopener\">http:\/\/www.e-democracy.md\/<\/a> \u0219i <a href=\"http:\/\/www.alegeri.md\/\" target=\"_blank\" rel=\"noopener\">http:\/\/www.alegeri.md\/<\/a><\/p>\n<p><strong>Centrul CONTACT<\/strong> este o organiza\u021bie independent\u0103, nonprofit, misiunea careia este de a sprijini procesele democratice din Republica Moldova, promov\u00e2nd \u0219i valorific\u00e2nd ideile unei societ\u0103\u021bi deschise, dar \u0219i incuraj\u00e2nd ini\u021biativa civic\u0103. Centrul acorda organizatiilor nonguvernamentale servicii de informare, instruire, consultan\u021b\u0103 \u0219i asisten\u021b\u0103 tehnic\u0103, promov\u00e2nd programe orientate spre consolidarea capacit\u0103\u021bilor manageriale \u0219i organiza\u021bionale ale ONG-urilor. Organiza\u021bia urm\u0103re\u0219te s\u0103 consolideze societatea civil\u0103 prin crearea unei re\u021bele puternice \u0219i viabile de organiza\u021bii nonguvernamentale, faciliteaz\u0103 formarea coali\u021biilor civice \u0219i pledeaz\u0103 pentru un dialog real, eficient \u0219i deschis dintre sectoarele asociativ \u0219i guvernamental.<\/p>\n<p>Pentru mai multe informa\u021bii accesa\u021bi: <a href=\"http:\/\/www.contact.md\/\" target=\"_blank\" rel=\"noopener\">http:\/\/www.contact.md\/<\/a><\/p>\n<p><strong>Asocia\u0163ia Promo-LEX<\/strong> este o organiza\u0163ie non-guvernamental\u0103, apolitic\u0103 \u015fi non-profit, axat\u0103 pe promovarea valorilor democratice \u015fi a standardelor interna\u0163ional recunoscute \u00een domeniul drepturilor omului \u00een Republica Moldova, inclusiv \u00een regiunea transnistrean\u0103. Misiunea Asocia\u0163iei Promo-LEX este de a contribui la dezvoltarea democra\u0163iei \u00een Republica Moldova prin promovarea \u015fi ap\u0103rarea drepturilor omului \u015fi prin consolidarea Societ\u0103\u0163ii Civile.<\/p>\n<p>Pentru mai multe informa\u021bii accesa\u021bi: <a href=\"http:\/\/www.contact.md\/\" target=\"_blank\" rel=\"noopener\">http:\/\/www.promolex.md\/<\/a><\/p>\n<p><strong>Consiliul Na\u0163ional al Tineretului din Moldova (CNTM)<\/strong> este forul de reprezentare al structurilor asociative de tineret din Republica Moldova, \u00een rela\u0163iile cu structurile guvernamentale, forurile, institu\u0163iile na\u0163ionale \u015fi interna\u0163ionale din domeniu; organiza\u0163ie care \u00eentrune\u015fte interesele tinerilor din Moldova \u015fi serve\u015fte drept platform\u0103 na\u0163ional\u0103 unic\u0103 a sectorului asociativ de tineret. Misiunea CNTM este de a promova interesele tinerilor din Moldova; precum \u0219i de a contribui la dezvoltarea structurilor asociative de tineret prin desf\u0103\u015furarea programelor \u015fi activit\u0103\u0163ilor de instruire, informare, lobby \u015fi consultare.<\/p>\n<p>Pentru mai multe informa\u021bii accesa\u021bi: <a href=\"http:\/\/www.cntm.md\/\" target=\"_blank\" rel=\"noopener\">http:\/\/www.cntm.md\/<\/a><\/p>\n<p><strong>Centrul Independent de Jurnalism (CIJ)<\/strong> este o organiza\u021bie nonguvernamental\u0103 care acord\u0103 asisten\u021b\u0103 jurnalistilor \u0219i institu\u021biilor media din RM. CIJ \u00ee\u0219i vede misiunea \u00een a sprijini jurnalismul profesionist \u0219i \u00ee\u0219i propune s\u0103 contribuie la afirmarea unei prese de calitate, independente \u0219i impartiale. CIJ elaboreaz\u0103 \u0219i implementeaz\u0103 programe de instruire pentru jurnali\u0219ti \u0219i formatori din diferite domenii mass-media, cu participarea exper\u021bilor str\u0103ini \u0219i locali; acord\u0103 consultan\u021b\u0103 \u0219i instruire \u00een domeniul legisla\u021biei mass-media; monitorizeaz\u0103 abuzurile ce \u021bin de libertatea exprim\u0103rii \u0219i drepturile jurnali\u0219tilor.<\/p>\n<p>Pentru mai multe informa\u021bii accesa\u021bi: <a href=\"http:\/\/www.ijc.md\/\" target=\"_blank\" rel=\"noopener\">http:\/\/www.ijc.md\/<\/a><\/p>\n<p><strong>Asocia\u0163ia Presei Independente (API)<\/strong> este o asocia\u0163ie ob\u015fteasc\u0103, constituit\u0103 pentru a sus\u0163ine mijloacele de informare \u00een mas\u0103 neafiliate politic. API are misiunea de a spori impactul presei independente din Republica Moldova \u015fi de a contribui la crearea \u015fi consolidarea societ\u0103\u0163ii deschise. Printre direc\u021biile principale de activitate ale API se num\u0103r\u0103: dezvoltarea \u00een continuare a mijloacelor mass-media independente; sus\u0163inerea juridic\u0103, moral\u0103 \u015fi material\u0103 a institu\u0163iilor de presa \u015fi a jurnali\u015ftilor independen\u0163i, ap\u0103rarea drepturilor lor civile \u015fi profesionale; asigurarea unui proces continuu de instruire \u015fi cre\u015ftere a profesionalismului jurnali\u015ftilor; perfec\u0163ionarea sistemului de distribu\u0163ie a Presei, etc.<\/p>\n<p>Pentru mai multe informa\u021bii accesa\u021bi: <a href=\"http:\/\/www.api.md\/\" target=\"_blank\" rel=\"noopener\">http:\/\/www.api.md\/<\/a><\/p>\n<p><strong>Asocia\u021bia Presei Electronice din Moldova (APEL)<\/strong> este o organiza\u021bie neguvernamental\u0103, apolitic\u0103 \u0219i non-profit, care \u00ee\u0219i propune s\u0103 contribuie la dezvoltarea audiovizualului din Moldova \u00een baza practicilor democratice. Creat\u0103 \u00een 1999, APEL num\u0103r\u0103 \u00een prezent 35 membri asocia\u021bi (sta\u021bii de radio \u0219i canale de televiziune, Facultatea de Jurnalism \u0219i \u0218tiin\u021be ale Comunic\u0103rii de la Universitatea de Stat din Moldova etc.) precum \u0219i membri cu titlu individual.<\/p>\n<p>Pentru mai multe informa\u021bii accesa\u021bi: <a href=\"http:\/\/www.apel.md\/\">http:\/\/www.apel.md\/<\/a><\/p>\n<\/div>\n<p><strong>Centrul Na\u021bional de Studii \u0219i Informare pentru Problemele Femeii &#171;Parteneriat pentru Dezvoltare&#187; (CPD) <\/strong> este o institutie obsteasca care isi propune sa contribuie la promovarea unui discurs integrator cu privire la problematica genurilor umane, statutul femeii si egalitatea de sanse pentru femei si barbati. CPD se afirma in calitate de structura neguvernamentala care pledeaza pentru implementarea conceptului egalitatii de gen in toate domeniile vietii, promovarea politicilor publice in domeniu, abordarea problemelor ce tin de rolul femeii in societate si abilitarea acesteia, eliminarea tuturor formelor de discriminare fata de femei, fiind concomitent si un centru de documentare, informare si instruire pentru ONG-urile de profil si grupurile de initiativa.<\/p>\n<p>Pentru mai multe informa\u021bii accesa\u021bi: <a href=\"http:\/\/www.api.md\/\" target=\"_blank\" rel=\"noopener\">http:\/\/www.progen.md\/<\/a><\/p>","protected":false},"excerpt":{"rendered":"<p>\u041d\u0435 \u043d\u0430\u0439\u0434\u0435\u043d\u043d\u043e For the sake of viewer convenience, the content is shown below in this site default language. You may click one of the links to switch the site language to another available language. Consiliul Coali\u021biei Civice pentru Alegeri Libere \u0219i Corecte este compus din 8 organiza\u021bii neguvernamentale na\u021bionale, dup\u0103 cum urmeaz\u0103: Asocia\u0163ia pentru Democra\u0163ie [&hellip;]<\/p>\n","protected":false},"author":8,"featured_media":0,"parent":116,"menu_order":0,"comment_status":"closed","ping_status":"closed","template":"","meta":[],"_links":{"self":[{"href":"https:\/\/alegeliber.md\/ru\/wp-json\/wp\/v2\/pages\/95"}],"collection":[{"href":"https:\/\/alegeliber.md\/ru\/wp-json\/wp\/v2\/pages"}],"about":[{"href":"https:\/\/alegeliber.md\/ru\/wp-json\/wp\/v2\/types\/page"}],"author":[{"embeddable":true,"href":"https:\/\/alegeliber.md\/ru\/wp-json\/wp\/v2\/users\/8"}],"replies":[{"embeddable":true,"href":"https:\/\/alegeliber.md\/ru\/wp-json\/wp\/v2\/comments?post=95"}],"version-history":[{"count":1,"href":"https:\/\/alegeliber.md\/ru\/wp-json\/wp\/v2\/pages\/95\/revisions"}],"predecessor-version":[{"id":2436,"href":"https:\/\/alegeliber.md\/ru\/wp-json\/wp\/v2\/pages\/95\/revisions\/2436"}],"up":[{"embeddable":true,"href":"https:\/\/alegeliber.md\/ru\/wp-json\/wp\/v2\/pages\/116"}],"wp:attachment":[{"href":"https:\/\/alegeliber.md\/ru\/wp-json\/wp\/v2\/media?parent=95"}],"curies":[{"name":"wp","href":"https:\/\/api.w.org\/{rel}","templated":true}]}}